{"id":162,"date":"2026-03-10T09:15:50","date_gmt":"2026-03-10T09:15:50","guid":{"rendered":"https:\/\/triosunkyan.com\/?page_id=162"},"modified":"2026-03-10T09:15:50","modified_gmt":"2026-03-10T09:15:50","slug":"trio-sunkyan-accueil","status":"publish","type":"page","link":"https:\/\/lanotedepassage.org\/index.php\/trio-sunkyan-accueil\/","title":{"rendered":"Accueil"},"content":{"rendered":"\t\t<div data-elementor-type=\"wp-page\" data-elementor-id=\"162\" class=\"elementor elementor-162\">\n\t\t\t\t<div class=\"elementor-element elementor-element-6c33825 e-flex e-con-boxed e-con e-parent\" data-id=\"6c33825\" data-element_type=\"container\" data-e-type=\"container\" data-settings=\"{&quot;background_background&quot;:&quot;classic&quot;}\">\n\t\t\t\t\t<div class=\"e-con-inner\">\n\t\t\t\t\t<\/div>\n\t\t\t\t<\/div>\n\t\t<div class=\"elementor-element elementor-element-e8e7a84 e-flex e-con-boxed e-con e-parent\" data-id=\"e8e7a84\" data-element_type=\"container\" data-e-type=\"container\">\n\t\t\t\t\t<div class=\"e-con-inner\">\n\t\t\t\t<div class=\"elementor-element elementor-element-7296887 elementor-widget__width-initial elementor-absolute elementor-widget elementor-widget-image\" data-id=\"7296887\" data-element_type=\"widget\" data-e-type=\"widget\" data-settings=\"{&quot;_position&quot;:&quot;absolute&quot;}\" data-widget_type=\"image.default\">\n\t\t\t\t\t\t\t\t\t\t\t\t\t\t\t<img decoding=\"async\" src=\"https:\/\/triosunkyan.com\/wp-content\/uploads\/2026\/03\/Sans-titre-1920-x-1005-px-1920-x-805-px.png\" title=\"\" alt=\"\" loading=\"lazy\" \/>\t\t\t\t\t\t\t\t\t\t\t\t\t\t\t<\/div>\n\t\t\t\t<div class=\"elementor-element elementor-element-28f30a64 elementor-widget elementor-widget-image\" data-id=\"28f30a64\" data-element_type=\"widget\" data-e-type=\"widget\" data-widget_type=\"image.default\">\n\t\t\t\t\t\t\t\t\t\t\t\t\t\t\t<img decoding=\"async\" src=\"https:\/\/triosunkyan.com\/wp-content\/uploads\/2025\/10\/vlcsnap-2025-09-18-13h50m18s456-scaled.png\" title=\"\" alt=\"\" loading=\"lazy\" \/>\t\t\t\t\t\t\t\t\t\t\t\t\t\t\t<\/div>\n\t\t\t\t<div class=\"elementor-element elementor-element-18cc58f elementor-shape-circle elementor-grid-0 e-grid-align-center elementor-widget elementor-widget-social-icons\" data-id=\"18cc58f\" data-element_type=\"widget\" data-e-type=\"widget\" data-widget_type=\"social-icons.default\">\n\t\t\t\t\t\t\t<div class=\"elementor-social-icons-wrapper elementor-grid\" role=\"list\">\n\t\t\t\t\t\t\t<span class=\"elementor-grid-item\" role=\"listitem\">\n\t\t\t\t\t<a class=\"elementor-icon elementor-social-icon elementor-social-icon-facebook elementor-repeater-item-2492ebb\" target=\"_blank\">\n\t\t\t\t\t\t<span class=\"elementor-screen-only\">Facebook<\/span>\n\t\t\t\t\t\t<svg aria-hidden=\"true\" class=\"e-font-icon-svg e-fab-facebook\" viewBox=\"0 0 512 512\" xmlns=\"http:\/\/www.w3.org\/2000\/svg\"><path d=\"M504 256C504 119 393 8 256 8S8 119 8 256c0 123.78 90.69 226.38 209.25 245V327.69h-63V256h63v-54.64c0-62.15 37-96.48 93.67-96.48 27.14 0 55.52 4.84 55.52 4.84v61h-31.28c-30.8 0-40.41 19.12-40.41 38.73V256h68.78l-11 71.69h-57.78V501C413.31 482.38 504 379.78 504 256z\"><\/path><\/svg>\t\t\t\t\t<\/a>\n\t\t\t\t<\/span>\n\t\t\t\t\t\t\t<span class=\"elementor-grid-item\" role=\"listitem\">\n\t\t\t\t\t<a class=\"elementor-icon elementor-social-icon elementor-social-icon-youtube elementor-repeater-item-b235bf3\" target=\"_blank\">\n\t\t\t\t\t\t<span class=\"elementor-screen-only\">Youtube<\/span>\n\t\t\t\t\t\t<svg aria-hidden=\"true\" class=\"e-font-icon-svg e-fab-youtube\" viewBox=\"0 0 576 512\" xmlns=\"http:\/\/www.w3.org\/2000\/svg\"><path d=\"M549.655 124.083c-6.281-23.65-24.787-42.276-48.284-48.597C458.781 64 288 64 288 64S117.22 64 74.629 75.486c-23.497 6.322-42.003 24.947-48.284 48.597-11.412 42.867-11.412 132.305-11.412 132.305s0 89.438 11.412 132.305c6.281 23.65 24.787 41.5 48.284 47.821C117.22 448 288 448 288 448s170.78 0 213.371-11.486c23.497-6.321 42.003-24.171 48.284-47.821 11.412-42.867 11.412-132.305 11.412-132.305s0-89.438-11.412-132.305zm-317.51 213.508V175.185l142.739 81.205-142.739 81.201z\"><\/path><\/svg>\t\t\t\t\t<\/a>\n\t\t\t\t<\/span>\n\t\t\t\t\t<\/div>\n\t\t\t\t\t\t<\/div>\n\t\t\t\t<div class=\"elementor-element elementor-element-98604c7 elementor-widget__width-initial elementor-widget elementor-widget-heading\" data-id=\"98604c7\" data-element_type=\"widget\" data-e-type=\"widget\" data-widget_type=\"heading.default\">\n\t\t\t\t\t<h2 class=\"elementor-heading-title elementor-size-default\">Le Trio S\u00fcnkyan<\/h2>\t\t\t\t<\/div>\n\t\t\t\t\t<\/div>\n\t\t\t\t<\/div>\n\t\t<div class=\"elementor-element elementor-element-58b7249b e-flex e-con-boxed e-con e-parent\" data-id=\"58b7249b\" data-element_type=\"container\" data-e-type=\"container\">\n\t\t\t\t\t<div class=\"e-con-inner\">\n\t\t\t\t<div class=\"elementor-element elementor-element-64e78c75 elementor-widget elementor-widget-text-editor\" data-id=\"64e78c75\" data-element_type=\"widget\" data-e-type=\"widget\" data-widget_type=\"text-editor.default\">\n\t\t\t\t\t\t\t\t\t<p>Trio de folk voyageur, S\u00fcnkyan rassemble Valentine B\u00e2ty (chant, clarinette), Jillian P\u00e9to Manso (guitares) et Guy Missio (batterie, percussions). Depuis 2022 ils font tourner des concerts cont\u00e9s \u00e0 th\u00e8me, entrem\u00ealant chants du monde et textes po\u00e9tiques dans une ambiance intimiste proche du public.<\/p><div><span style=\"background-color: transparent; color: #000000; font-family: Cambria, serif; font-size: 12pt; font-weight: bold; white-space-collapse: preserve; letter-spacing: -0.1px;\">\u00a0<\/span><\/div>\t\t\t\t\t\t\t\t<\/div>\n\t\t\t\t\t<\/div>\n\t\t\t\t<\/div>\n\t\t<div class=\"elementor-element elementor-element-c2525ad e-con-full e-flex e-con e-parent\" data-id=\"c2525ad\" data-element_type=\"container\" data-e-type=\"container\">\n\t\t\t\t<\/div>\n\t\t<div class=\"elementor-element elementor-element-5b4bb083 e-flex e-con-boxed e-con e-parent\" data-id=\"5b4bb083\" data-element_type=\"container\" data-e-type=\"container\">\n\t\t\t\t\t<div class=\"e-con-inner\">\n\t\t\t\t<div class=\"elementor-element elementor-element-6e942af4 elementor-widget elementor-widget-video\" data-id=\"6e942af4\" data-element_type=\"widget\" data-e-type=\"widget\" data-settings=\"{&quot;youtube_url&quot;:&quot;https:\\\/\\\/youtu.be\\\/o73eU_c-oho&quot;,&quot;video_type&quot;:&quot;youtube&quot;}\" data-widget_type=\"video.default\">\n\t\t\t\t\t\t\t<div class=\"elementor-wrapper elementor-open-inline\">\n\t\t\t<div class=\"elementor-video\"><\/div>\t\t<\/div>\n\t\t\t\t\t\t<\/div>\n\t\t\t\t\t<\/div>\n\t\t\t\t<\/div>\n\t\t<div class=\"elementor-element elementor-element-43f78b3 e-flex e-con-boxed e-con e-parent\" data-id=\"43f78b3\" data-element_type=\"container\" data-e-type=\"container\">\n\t\t\t\t\t<div class=\"e-con-inner\">\n\t\t\t\t<div class=\"elementor-element elementor-element-a47badb elementor-widget elementor-widget-loop-carousel\" data-id=\"a47badb\" data-element_type=\"widget\" data-e-type=\"widget\" data-widget_type=\"loop-carousel.default\">\n\t\t\t\t<div class=\"elementor-widget-container\">\n\t\t\t\t\t \t\t\t\t<\/div>\n\t\t\t\t<\/div>\n\t\t\t\t\t<\/div>\n\t\t\t\t<\/div>\n\t\t<div class=\"elementor-element elementor-element-3d857b23 e-grid e-con-boxed e-con e-parent\" data-id=\"3d857b23\" data-element_type=\"container\" data-e-type=\"container\">\n\t\t\t\t\t<div class=\"e-con-inner\">\n\t\t\t\t<div class=\"elementor-element elementor-element-5dcd6525 elementor-widget elementor-widget-image\" data-id=\"5dcd6525\" data-element_type=\"widget\" data-e-type=\"widget\" data-widget_type=\"image.default\">\n\t\t\t\t\t\t\t\t\t\t\t\t\t\t\t<img decoding=\"async\" src=\"https:\/\/triosunkyan.com\/wp-content\/uploads\/2025\/11\/Solstice-a-Josselin.jpg\" title=\"\" alt=\"\" loading=\"lazy\" \/>\t\t\t\t\t\t\t\t\t\t\t\t\t\t\t<\/div>\n\t\t\t\t<div class=\"elementor-element elementor-element-11982884 elementor-widget elementor-widget-text-editor\" data-id=\"11982884\" data-element_type=\"widget\" data-e-type=\"widget\" data-widget_type=\"text-editor.default\">\n\t\t\t\t\t\t\t\t\t<p>Cr\u00e9\u00e9 par Valentine B\u00e2ty, SOLSTICE est un concert cont\u00e9 qui entrem\u00eale chants du monde et l\u00e9gendes du solstice d&rsquo;hiver.<\/p><p>Gryla la g\u00e9ante islandaise rencontre Matariki l&rsquo;\u00e9toile-m\u00e8re des Maori, l&rsquo;enfant soleil Quechua d&rsquo;Inti Raymi, Lucie et sa couronne de bougies ou encore l&rsquo;arbre-monde Yggdrasil des mythes nordiques&#8230;<\/p><p>Les chants traditionnels du monde entier sont mis en valeur par des arrangements originaux du Trio S\u00fcnkyan.<\/p><p>La voix chaleureuse de Valentine ainsi que ses envol\u00e9es de clarinette sont port\u00e9es par les multiples sons de guitare de Jillian et le jeu de batterie subtile de Guy.<\/p><p>Les contes, la sc\u00e9nographie po\u00e9tique et les jeux de lumi\u00e8res cr\u00e9ent une exp\u00e9rience d&rsquo;immersion pour le public qui participe en reprenant certains refrains et rythmes avec les musiciens.<\/p><p>Entre ombre et lumi\u00e8re, dans un cadre intimiste au c\u0153ur de l&rsquo;hiver, SOLSTICE est un moment de partage en musique et en histoires. Comment la plus longue nuit est-elle v\u00e9cue, racont\u00e9e, chant\u00e9e \u00e0 travers le monde ?\u00a0<\/p>\t\t\t\t\t\t\t\t<\/div>\n\t\t\t\t\t<\/div>\n\t\t\t\t<\/div>\n\t\t<div class=\"elementor-element elementor-element-5ff3debe e-flex e-con-boxed e-con e-parent\" data-id=\"5ff3debe\" data-element_type=\"container\" data-e-type=\"container\">\n\t\t\t\t\t<div class=\"e-con-inner\">\n\t\t\t\t<div class=\"elementor-element elementor-element-4f458300 elementor-widget elementor-widget-image\" data-id=\"4f458300\" data-element_type=\"widget\" data-e-type=\"widget\" data-widget_type=\"image.default\">\n\t\t\t\t\t\t\t\t\t\t\t\t\t\t\t<img decoding=\"async\" src=\"http:\/\/triosunkyan.com\/wp-content\/uploads\/2025\/10\/P1150565-scaled.jpg\" title=\"\" alt=\"\" loading=\"lazy\" \/>\t\t\t\t\t\t\t\t\t\t\t\t\t\t\t<\/div>\n\t\t\t\t\t<\/div>\n\t\t\t\t<\/div>\n\t\t<div class=\"elementor-element elementor-element-2f0b18f7 e-flex e-con-boxed e-con e-parent\" data-id=\"2f0b18f7\" data-element_type=\"container\" data-e-type=\"container\">\n\t\t\t\t\t<div class=\"e-con-inner\">\n\t\t\t\t<div class=\"elementor-element elementor-element-db6c7e1 elementor-widget elementor-widget-heading\" data-id=\"db6c7e1\" data-element_type=\"widget\" data-e-type=\"widget\" data-widget_type=\"heading.default\">\n\t\t\t\t\t<h2 class=\"elementor-heading-title elementor-size-default\">Le Trio S\u00fcnkyan<\/h2>\t\t\t\t<\/div>\n\t\t\t\t\t<\/div>\n\t\t\t\t<\/div>\n\t\t<div class=\"elementor-element elementor-element-249156ab e-grid e-con-boxed e-con e-parent\" data-id=\"249156ab\" data-element_type=\"container\" data-e-type=\"container\">\n\t\t\t\t\t<div class=\"e-con-inner\">\n\t\t\t\t<div class=\"elementor-element elementor-element-1fbc766a elementor-widget elementor-widget-image\" data-id=\"1fbc766a\" data-element_type=\"widget\" data-e-type=\"widget\" data-widget_type=\"image.default\">\n\t\t\t\t\t\t\t\t\t\t\t\t<figure class=\"wp-caption\">\n\t\t\t\t\t\t\t\t\t\t<img decoding=\"async\" src=\"https:\/\/triosunkyan.com\/wp-content\/uploads\/2025\/11\/Photos-Trio-Sunkyan.png\" title=\"\" alt=\"\" loading=\"lazy\" \/>\t\t\t\t\t\t\t\t\t\t\t<figcaption class=\"widget-image-caption wp-caption-text\">Valentine B\u00e2ty<\/figcaption>\n\t\t\t\t\t\t\t\t\t\t<\/figure>\n\t\t\t\t\t\t\t\t\t<\/div>\n\t\t\t\t<div class=\"elementor-element elementor-element-607a55b8 elementor-widget elementor-widget-image\" data-id=\"607a55b8\" data-element_type=\"widget\" data-e-type=\"widget\" data-widget_type=\"image.default\">\n\t\t\t\t\t\t\t\t\t\t\t\t<figure class=\"wp-caption\">\n\t\t\t\t\t\t\t\t\t\t<img decoding=\"async\" src=\"https:\/\/triosunkyan.com\/wp-content\/uploads\/2025\/11\/\u00a9-Jeremy-Jagu.png\" title=\"\" alt=\"\" loading=\"lazy\" \/>\t\t\t\t\t\t\t\t\t\t\t<figcaption class=\"widget-image-caption wp-caption-text\">Guy Missio<\/figcaption>\n\t\t\t\t\t\t\t\t\t\t<\/figure>\n\t\t\t\t\t\t\t\t\t<\/div>\n\t\t\t\t<div class=\"elementor-element elementor-element-5ad6b9e4 elementor-widget elementor-widget-image\" data-id=\"5ad6b9e4\" data-element_type=\"widget\" data-e-type=\"widget\" data-widget_type=\"image.default\">\n\t\t\t\t\t\t\t\t\t\t\t\t<figure class=\"wp-caption\">\n\t\t\t\t\t\t\t\t\t\t<img decoding=\"async\" src=\"https:\/\/triosunkyan.com\/wp-content\/uploads\/2025\/11\/\u00a9-Jeremy-Jagu-1.png\" title=\"\" alt=\"\" loading=\"lazy\" \/>\t\t\t\t\t\t\t\t\t\t\t<figcaption class=\"widget-image-caption wp-caption-text\">Jillian P\u00e9to Manso<\/figcaption>\n\t\t\t\t\t\t\t\t\t\t<\/figure>\n\t\t\t\t\t\t\t\t\t<\/div>\n\t\t\t\t\t<\/div>\n\t\t\t\t<\/div>\n\t\t<div class=\"elementor-element elementor-element-17118e1 e-flex e-con-boxed e-con e-parent\" data-id=\"17118e1\" data-element_type=\"container\" data-e-type=\"container\">\n\t\t\t\t\t<div class=\"e-con-inner\">\n\t\t\t\t<div class=\"elementor-element elementor-element-c527965 elementor-widget elementor-widget-menu-anchor\" data-id=\"c527965\" data-element_type=\"widget\" data-e-type=\"widget\" data-widget_type=\"menu-anchor.default\">\n\t\t\t\t\t\t\t<div class=\"elementor-menu-anchor\" id=\"contact\"><\/div>\n\t\t\t\t\t\t<\/div>\n\t\t\t\t\t<\/div>\n\t\t\t\t<\/div>\n\t\t<div class=\"elementor-element elementor-element-1d4aac11 e-flex e-con-boxed e-con e-parent\" data-id=\"1d4aac11\" data-element_type=\"container\" data-e-type=\"container\">\n\t\t\t\t\t<div class=\"e-con-inner\">\n\t\t\t\t<div class=\"elementor-element elementor-element-46930bc elementor-widget elementor-widget-text-editor\" data-id=\"46930bc\" data-element_type=\"widget\" data-e-type=\"widget\" data-widget_type=\"text-editor.default\">\n\t\t\t\t\t\t\t\t\t<p>Contact<\/p>\t\t\t\t\t\t\t\t<\/div>\n\t\t\t\t\t<\/div>\n\t\t\t\t<\/div>\n\t\t<div class=\"elementor-element elementor-element-4f5d1869 e-flex e-con-boxed e-con e-parent\" data-id=\"4f5d1869\" data-element_type=\"container\" data-e-type=\"container\">\n\t\t\t\t\t<div class=\"e-con-inner\">\n\t\t\t\t<div class=\"elementor-element elementor-element-59f3882c elementor-widget elementor-widget-text-editor\" data-id=\"59f3882c\" data-element_type=\"widget\" data-e-type=\"widget\" data-widget_type=\"text-editor.default\">\n\t\t\t\t\t\t\t\t\t<p>Le Trio S\u00fcnkyan est un ensemble de la compagnie <strong>La Note de Passage<\/strong>.<\/p><p>Si\u00e8ge : 4 K\u00e9rio 56160 PLOERDUT\u00a0<\/p><p>Mail : note.passage@gmail.com<\/p><p>Charg\u00e9e de production : J\u00e9nnie Desrutins \u2013 06.64.25.44.39<\/p><p>Directrice artistique : Valentine B\u00e2ty \u2013 07.67.11.45.35<\/p>\t\t\t\t\t\t\t\t<\/div>\n\t\t\t\t\t<\/div>\n\t\t\t\t<\/div>\n\t\t<div class=\"elementor-element elementor-element-64b3a51 e-flex e-con-boxed e-con e-parent\" data-id=\"64b3a51\" data-element_type=\"container\" data-e-type=\"container\">\n\t\t\t\t\t<div class=\"e-con-inner\">\n\t\t\t\t<div class=\"elementor-element elementor-element-155ef709 elementor-widget elementor-widget-image\" data-id=\"155ef709\" data-element_type=\"widget\" data-e-type=\"widget\" data-widget_type=\"image.default\">\n\t\t\t\t\t\t\t\t\t\t\t\t\t\t\t<img decoding=\"async\" src=\"https:\/\/triosunkyan.com\/wp-content\/uploads\/2025\/11\/LNDP-LOGO-3-scaled.png\" title=\"\" alt=\"\" loading=\"lazy\" \/>\t\t\t\t\t\t\t\t\t\t\t\t\t\t\t<\/div>\n\t\t\t\t\t<\/div>\n\t\t\t\t<\/div>\n\t\t\t\t<\/div>\n\t\t","protected":false},"excerpt":{"rendered":"<p>Facebook Youtube Le Trio S\u00fcnkyan Trio de folk voyageur, S\u00fcnkyan rassemble Valentine B\u00e2ty (chant, clarinette), Jillian P\u00e9to Manso (guitares) et Guy Missio (batterie, percussions). Depuis 2022 ils font tourner des concerts cont\u00e9s \u00e0 th\u00e8me, entrem\u00ealant chants du monde et textes po\u00e9tiques dans une ambiance intimiste proche du public. \u00a0https:\/\/youtu.be\/o73eU_c-oho Cr\u00e9\u00e9 par Valentine B\u00e2ty, SOLSTICE est [&hellip;]<\/p>\n","protected":false},"author":2,"featured_media":0,"parent":0,"menu_order":0,"comment_status":"closed","ping_status":"closed","template":"elementor_theme","meta":{"footnotes":""},"class_list":["post-162","page","type-page","status-publish","hentry"],"_links":{"self":[{"href":"https:\/\/lanotedepassage.org\/index.php\/wp-json\/wp\/v2\/pages\/162","targetHints":{"allow":["GET"]}}],"collection":[{"href":"https:\/\/lanotedepassage.org\/index.php\/wp-json\/wp\/v2\/pages"}],"about":[{"href":"https:\/\/lanotedepassage.org\/index.php\/wp-json\/wp\/v2\/types\/page"}],"author":[{"embeddable":true,"href":"https:\/\/lanotedepassage.org\/index.php\/wp-json\/wp\/v2\/users\/2"}],"replies":[{"embeddable":true,"href":"https:\/\/lanotedepassage.org\/index.php\/wp-json\/wp\/v2\/comments?post=162"}],"version-history":[{"count":0,"href":"https:\/\/lanotedepassage.org\/index.php\/wp-json\/wp\/v2\/pages\/162\/revisions"}],"wp:attachment":[{"href":"https:\/\/lanotedepassage.org\/index.php\/wp-json\/wp\/v2\/media?parent=162"}],"curies":[{"name":"wp","href":"https:\/\/api.w.org\/{rel}","templated":true}]}}